{"id":2023,"date":"2020-09-28T19:57:15","date_gmt":"2020-09-28T19:57:15","guid":{"rendered":"https:\/\/cortabitarte.com\/cle-en-main\/"},"modified":"2020-09-28T19:57:15","modified_gmt":"2020-09-28T19:57:15","slug":"cle-en-main","status":"publish","type":"page","link":"https:\/\/cortabitarte.com\/fr\/cle-en-main\/","title":{"rendered":"Cl\u00e9 en main"},"content":{"rendered":"\t\t<div data-elementor-type=\"wp-page\" data-elementor-id=\"2023\" class=\"elementor elementor-2023 elementor-967\" data-elementor-post-type=\"page\">\n\t\t\t\t\t\t<section class=\"elementor-section elementor-top-section elementor-element elementor-element-c19c5a2 elementor-section-height-min-height elementor-section-boxed elementor-section-height-default elementor-section-items-middle\" data-id=\"c19c5a2\" data-element_type=\"section\">\n\t\t\t\t\t\t<div class=\"elementor-container elementor-column-gap-default\">\n\t\t\t\t\t<div class=\"elementor-column elementor-col-100 elementor-top-column elementor-element elementor-element-f809f9c\" data-id=\"f809f9c\" data-element_type=\"column\">\n\t\t\t<div class=\"elementor-widget-wrap\">\n\t\t\t\t\t\t\t<\/div>\n\t\t<\/div>\n\t\t\t\t\t<\/div>\n\t\t<\/section>\n\t\t\t\t<section class=\"elementor-section elementor-top-section elementor-element elementor-element-9f2666e elementor-section-boxed elementor-section-height-default elementor-section-height-default\" data-id=\"9f2666e\" data-element_type=\"section\" data-settings=\"{&quot;background_background&quot;:&quot;classic&quot;}\">\n\t\t\t\t\t\t<div class=\"elementor-container elementor-column-gap-default\">\n\t\t\t\t\t<div class=\"elementor-column elementor-col-100 elementor-top-column elementor-element elementor-element-9924d47\" data-id=\"9924d47\" data-element_type=\"column\">\n\t\t\t<div class=\"elementor-widget-wrap elementor-element-populated\">\n\t\t\t\t\t\t<section class=\"elementor-section elementor-inner-section elementor-element elementor-element-77fb540 elementor-section-full_width elementor-section-height-default elementor-section-height-default\" data-id=\"77fb540\" data-element_type=\"section\">\n\t\t\t\t\t\t<div class=\"elementor-container elementor-column-gap-default\">\n\t\t\t\t\t<div class=\"elementor-column elementor-col-50 elementor-inner-column elementor-element elementor-element-a27fcb3\" data-id=\"a27fcb3\" data-element_type=\"column\">\n\t\t\t<div class=\"elementor-widget-wrap elementor-element-populated\">\n\t\t\t\t\t\t<div class=\"elementor-element elementor-element-697d5e9 elementor-widget elementor-widget-image\" data-id=\"697d5e9\" data-element_type=\"widget\" data-widget_type=\"image.default\">\n\t\t\t\t<div class=\"elementor-widget-container\">\n\t\t\t\t\t\t\t\t\t\t\t\t\t\t\t<img fetchpriority=\"high\" decoding=\"async\" width=\"800\" height=\"656\" src=\"https:\/\/cortabitarte.com\/wp-content\/uploads\/2020\/07\/cortabitarte-llave-en-mano.jpg\" class=\"attachment-full size-full wp-image-972\" alt=\"Cortabitarte Cl\u00e9 en main\" srcset=\"https:\/\/cortabitarte.com\/wp-content\/uploads\/2020\/07\/cortabitarte-llave-en-mano.jpg 800w, https:\/\/cortabitarte.com\/wp-content\/uploads\/2020\/07\/cortabitarte-llave-en-mano-300x246.jpg 300w, https:\/\/cortabitarte.com\/wp-content\/uploads\/2020\/07\/cortabitarte-llave-en-mano-768x630.jpg 768w\" sizes=\"(max-width: 800px) 100vw, 800px\" \/>\t\t\t\t\t\t\t\t\t\t\t\t\t\t\t<\/div>\n\t\t\t\t<\/div>\n\t\t\t\t\t<\/div>\n\t\t<\/div>\n\t\t\t\t<div class=\"elementor-column elementor-col-50 elementor-inner-column elementor-element elementor-element-b63d295\" data-id=\"b63d295\" data-element_type=\"column\" data-settings=\"{&quot;background_background&quot;:&quot;classic&quot;}\">\n\t\t\t<div class=\"elementor-widget-wrap elementor-element-populated\">\n\t\t\t\t\t\t<div class=\"elementor-element elementor-element-6b88f07 elementor-widget elementor-widget-heading\" data-id=\"6b88f07\" data-element_type=\"widget\" data-widget_type=\"heading.default\">\n\t\t\t\t<div class=\"elementor-widget-container\">\n\t\t\t\t\t<h2 class=\"elementor-heading-title elementor-size-default\">Cl\u00e9<br><span style=\"font-size: 68px;font-weight: normal\">en main<\/span><\/h2>\t\t\t\t<\/div>\n\t\t\t\t<\/div>\n\t\t\t\t<div class=\"elementor-element elementor-element-e025bf0 elementor-widget elementor-widget-text-editor\" data-id=\"e025bf0\" data-element_type=\"widget\" data-widget_type=\"text-editor.default\">\n\t\t\t\t<div class=\"elementor-widget-container\">\n\t\t\t\t\t\t\t\t\t<p><span style=\"font-weight: 400;\">Il y a diff\u00e9rents types de contrats pour la r\u00e9alisation de projets de construction, mais la pus indiqu\u00e9 et avec plus d\u2019avantages pour un client non-expert est une construction d\u2019un logement <\/span><b>cl\u00e9 en main.<\/b><span style=\"font-weight: 400;\">\u00a0<\/span><\/p>\n<p><span style=\"font-weight: 400;\">Ce type de contrat implique un avantage fondamental, Cortabitarte sera votre seul fournisseur, nous assumons donc l&rsquo;enti\u00e8re responsabilit\u00e9 de l&rsquo;ex\u00e9cution de toutes les t\u00e2ches li\u00e9es \u00e0 la construction de votre maison. Cela signifie que nous travaillons avec un budget ferm\u00e9. Contrairement \u00e0 la construction conventionnelle, c&rsquo;est-\u00e0-dire en brique, \u00e0 Cortabitarte, vous convenez d&rsquo;un programme de besoins d\u00e9finis en d\u00e9tail. A partir de l\u00e0, nous vous pr\u00e9sentons une proposition de conception et de construction avec un prix fixe et un d\u00e9lai de livraison.<\/span><\/p>\n\t\t\t\t\t\t\t\t<\/div>\n\t\t\t\t<\/div>\n\t\t\t\t\t<\/div>\n\t\t<\/div>\n\t\t\t\t\t<\/div>\n\t\t<\/section>\n\t\t\t\t\t<\/div>\n\t\t<\/div>\n\t\t\t\t\t<\/div>\n\t\t<\/section>\n\t\t\t\t<\/div>\n\t\t","protected":false},"excerpt":{"rendered":"<p>Cl\u00e9en main Il y a diff\u00e9rents types de contrats pour la r\u00e9alisation de projets de construction, mais la pus indiqu\u00e9 et avec plus d\u2019avantages pour un client non-expert est une construction d\u2019un logement cl\u00e9 en main.\u00a0 Ce type de contrat implique un avantage fondamental, Cortabitarte sera votre seul fournisseur, nous assumons donc l&rsquo;enti\u00e8re responsabilit\u00e9 de [&hellip;]<\/p>\n","protected":false},"author":1,"featured_media":0,"parent":0,"menu_order":0,"comment_status":"closed","ping_status":"closed","template":"elementor_header_footer","meta":{"footnotes":""},"class_list":["post-2023","page","type-page","status-publish","hentry"],"_links":{"self":[{"href":"https:\/\/cortabitarte.com\/fr\/wp-json\/wp\/v2\/pages\/2023","targetHints":{"allow":["GET"]}}],"collection":[{"href":"https:\/\/cortabitarte.com\/fr\/wp-json\/wp\/v2\/pages"}],"about":[{"href":"https:\/\/cortabitarte.com\/fr\/wp-json\/wp\/v2\/types\/page"}],"author":[{"embeddable":true,"href":"https:\/\/cortabitarte.com\/fr\/wp-json\/wp\/v2\/users\/1"}],"replies":[{"embeddable":true,"href":"https:\/\/cortabitarte.com\/fr\/wp-json\/wp\/v2\/comments?post=2023"}],"version-history":[{"count":1,"href":"https:\/\/cortabitarte.com\/fr\/wp-json\/wp\/v2\/pages\/2023\/revisions"}],"predecessor-version":[{"id":2024,"href":"https:\/\/cortabitarte.com\/fr\/wp-json\/wp\/v2\/pages\/2023\/revisions\/2024"}],"wp:attachment":[{"href":"https:\/\/cortabitarte.com\/fr\/wp-json\/wp\/v2\/media?parent=2023"}],"curies":[{"name":"wp","href":"https:\/\/api.w.org\/{rel}","templated":true}]}}