{"id":2018,"date":"2020-09-28T18:22:02","date_gmt":"2020-09-28T18:22:02","guid":{"rendered":"https:\/\/cortabitarte.com\/faq\/"},"modified":"2020-10-02T10:26:24","modified_gmt":"2020-10-02T10:26:24","slug":"faq","status":"publish","type":"page","link":"https:\/\/cortabitarte.com\/fr\/faq\/","title":{"rendered":"FAQ"},"content":{"rendered":"\t\t<div data-elementor-type=\"wp-page\" data-elementor-id=\"2018\" class=\"elementor elementor-2018 elementor-917\" data-elementor-post-type=\"page\">\n\t\t\t\t\t\t<section class=\"elementor-section elementor-top-section elementor-element elementor-element-400f1a0 elementor-section-content-middle elementor-section-stretched elementor-section-full_width elementor-section-height-min-height elementor-section-height-default elementor-section-items-middle\" data-id=\"400f1a0\" data-element_type=\"section\" data-settings=\"{&quot;background_background&quot;:&quot;classic&quot;,&quot;stretch_section&quot;:&quot;section-stretched&quot;}\">\n\t\t\t\t\t\t<div class=\"elementor-container elementor-column-gap-no\">\n\t\t\t\t\t<div class=\"elementor-column elementor-col-100 elementor-top-column elementor-element elementor-element-a8e9fcf\" data-id=\"a8e9fcf\" data-element_type=\"column\">\n\t\t\t<div class=\"elementor-widget-wrap\">\n\t\t\t\t\t\t\t<\/div>\n\t\t<\/div>\n\t\t\t\t\t<\/div>\n\t\t<\/section>\n\t\t\t\t<section class=\"elementor-section elementor-top-section elementor-element elementor-element-875c075 elementor-section-content-middle elementor-section-stretched elementor-section-full_width elementor-section-height-min-height elementor-section-height-default elementor-section-items-middle\" data-id=\"875c075\" data-element_type=\"section\" data-settings=\"{&quot;background_background&quot;:&quot;classic&quot;,&quot;stretch_section&quot;:&quot;section-stretched&quot;}\">\n\t\t\t\t\t\t<div class=\"elementor-container elementor-column-gap-no\">\n\t\t\t\t\t<div class=\"elementor-column elementor-col-100 elementor-top-column elementor-element elementor-element-85dd3c4\" data-id=\"85dd3c4\" data-element_type=\"column\">\n\t\t\t<div class=\"elementor-widget-wrap elementor-element-populated\">\n\t\t\t\t\t\t<div class=\"elementor-element elementor-element-a84e3d5 elementor-widget elementor-widget-heading\" data-id=\"a84e3d5\" data-element_type=\"widget\" data-widget_type=\"heading.default\">\n\t\t\t\t<div class=\"elementor-widget-container\">\n\t\t\t\t\t<h4 class=\"elementor-heading-title elementor-size-default\">FAQ<\/h4>\t\t\t\t<\/div>\n\t\t\t\t<\/div>\n\t\t\t\t<div class=\"elementor-element elementor-element-f395f7d elementor-widget-divider--view-line elementor-widget elementor-widget-divider\" data-id=\"f395f7d\" data-element_type=\"widget\" data-widget_type=\"divider.default\">\n\t\t\t\t<div class=\"elementor-widget-container\">\n\t\t\t\t\t\t\t<div class=\"elementor-divider\">\n\t\t\t<span class=\"elementor-divider-separator\">\n\t\t\t\t\t\t<\/span>\n\t\t<\/div>\n\t\t\t\t\t\t<\/div>\n\t\t\t\t<\/div>\n\t\t\t\t\t<\/div>\n\t\t<\/div>\n\t\t\t\t\t<\/div>\n\t\t<\/section>\n\t\t\t\t<section class=\"elementor-section elementor-top-section elementor-element elementor-element-2f512796 elementor-section-content-middle elementor-section-boxed elementor-section-height-default elementor-section-height-default\" data-id=\"2f512796\" data-element_type=\"section\">\n\t\t\t\t\t\t<div class=\"elementor-container elementor-column-gap-no\">\n\t\t\t\t\t<div class=\"elementor-column elementor-col-100 elementor-top-column elementor-element elementor-element-9e81282\" data-id=\"9e81282\" data-element_type=\"column\">\n\t\t\t<div class=\"elementor-widget-wrap elementor-element-populated\">\n\t\t\t\t\t\t<div class=\"elementor-element elementor-element-74c62ca8 elementor-widget elementor-widget-heading\" data-id=\"74c62ca8\" data-element_type=\"widget\" data-widget_type=\"heading.default\">\n\t\t\t\t<div class=\"elementor-widget-container\">\n\t\t\t\t\t<h5 class=\"elementor-heading-title elementor-size-default\">Questions fr\u00e9quentes<\/h5>\t\t\t\t<\/div>\n\t\t\t\t<\/div>\n\t\t\t\t<div class=\"elementor-element elementor-element-3604e858 elementor-widget elementor-widget-toggle\" data-id=\"3604e858\" data-element_type=\"widget\" data-widget_type=\"toggle.default\">\n\t\t\t\t<div class=\"elementor-widget-container\">\n\t\t\t\t\t\t\t<div class=\"elementor-toggle\">\n\t\t\t\t\t\t\t<div class=\"elementor-toggle-item\">\n\t\t\t\t\t<div id=\"elementor-tab-title-9061\" class=\"elementor-tab-title\" data-tab=\"1\" role=\"button\" aria-controls=\"elementor-tab-content-9061\" aria-expanded=\"false\">\n\t\t\t\t\t\t\t\t\t\t\t\t<span class=\"elementor-toggle-icon elementor-toggle-icon-right\" aria-hidden=\"true\">\n\t\t\t\t\t\t\t\t\t\t\t\t\t\t\t<span class=\"elementor-toggle-icon-closed\"><i class=\"fas fa-caret-right\"><\/i><\/span>\n\t\t\t\t\t\t\t\t<span class=\"elementor-toggle-icon-opened\"><i class=\"elementor-toggle-icon-opened fas fa-caret-up\"><\/i><\/span>\n\t\t\t\t\t\t\t\t\t\t\t\t\t<\/span>\n\t\t\t\t\t\t\t\t\t\t\t\t<a class=\"elementor-toggle-title\" tabindex=\"0\">Est-ce vraiment un prix ferm\u00e9?<\/a>\n\t\t\t\t\t<\/div>\n\n\t\t\t\t\t<div id=\"elementor-tab-content-9061\" class=\"elementor-tab-content elementor-clearfix\" data-tab=\"1\" role=\"region\" aria-labelledby=\"elementor-tab-title-9061\"><p><span style=\"font-weight: 400;\">Oui, tout au long de notre exp\u00e9rience, nous avons con\u00e7u, fabriqu\u00e9, construit et mis en \u0153uvre une grande vari\u00e9t\u00e9 de mod\u00e8les de logements modulaires et de modules pr\u00e9fabriqu\u00e9s, ce qui nous a amen\u00e9s \u00e0 \u00e9tudier chaque d\u00e9tail dans chaque phase de la conception et de la production de la maison. Du projet et de la mise en \u0153uvre \u00e0 la construction et \u00e0 l&rsquo;am\u00e9nagement int\u00e9rieur. C&rsquo;est pourquoi nous pouvons garantir un prix ferm\u00e9 \u00e0 100%.\u00a0<\/span><\/p>\n<\/div>\n\t\t\t\t<\/div>\n\t\t\t\t\t\t\t<div class=\"elementor-toggle-item\">\n\t\t\t\t\t<div id=\"elementor-tab-title-9062\" class=\"elementor-tab-title\" data-tab=\"2\" role=\"button\" aria-controls=\"elementor-tab-content-9062\" aria-expanded=\"false\">\n\t\t\t\t\t\t\t\t\t\t\t\t<span class=\"elementor-toggle-icon elementor-toggle-icon-right\" aria-hidden=\"true\">\n\t\t\t\t\t\t\t\t\t\t\t\t\t\t\t<span class=\"elementor-toggle-icon-closed\"><i class=\"fas fa-caret-right\"><\/i><\/span>\n\t\t\t\t\t\t\t\t<span class=\"elementor-toggle-icon-opened\"><i class=\"elementor-toggle-icon-opened fas fa-caret-up\"><\/i><\/span>\n\t\t\t\t\t\t\t\t\t\t\t\t\t<\/span>\n\t\t\t\t\t\t\t\t\t\t\t\t<a class=\"elementor-toggle-title\" tabindex=\"0\">Combien de temps faudra-t-il pour que ma maison modulaire Cortabitarte soit pr\u00eate?<\/a>\n\t\t\t\t\t<\/div>\n\n\t\t\t\t\t<div id=\"elementor-tab-content-9062\" class=\"elementor-tab-content elementor-clearfix\" data-tab=\"2\" role=\"region\" aria-labelledby=\"elementor-tab-title-9062\"><p><span style=\"font-weight: 400;\">Le processus de construction de tout projet est tr\u00e8s clair et nous le divisons par phases.\u00a0<\/span><\/p>\n<p><span style=\"font-weight: 400;\">Apr\u00e8s la signature du contrat, nous entamons les diff\u00e9rentes phases de l&rsquo;ex\u00e9cution du projet qui vont de la pr\u00e9paration du chantier, au traitement des licences et permis, aux raccordements de service, \u00e0 la fabrication de votre maison, au transport des modules pr\u00e9fabriqu\u00e9s, \u00e0 l&rsquo;assemblage, \u00e0 l&rsquo;urbanisation et \u00e0 la livraison de la cl\u00e9 en main. Tout cela se fait dans un d\u00e9lai maximum de 3 mois. Il vous suffira d&rsquo;ajouter le temps n\u00e9cessaire \u00e0 votre conseil municipal pour la concession du permis de construire, qui est en moyenne de 1 \u00e0 2 mois.<\/span><\/p>\n<\/div>\n\t\t\t\t<\/div>\n\t\t\t\t\t\t\t<div class=\"elementor-toggle-item\">\n\t\t\t\t\t<div id=\"elementor-tab-title-9063\" class=\"elementor-tab-title\" data-tab=\"3\" role=\"button\" aria-controls=\"elementor-tab-content-9063\" aria-expanded=\"false\">\n\t\t\t\t\t\t\t\t\t\t\t\t<span class=\"elementor-toggle-icon elementor-toggle-icon-right\" aria-hidden=\"true\">\n\t\t\t\t\t\t\t\t\t\t\t\t\t\t\t<span class=\"elementor-toggle-icon-closed\"><i class=\"fas fa-caret-right\"><\/i><\/span>\n\t\t\t\t\t\t\t\t<span class=\"elementor-toggle-icon-opened\"><i class=\"elementor-toggle-icon-opened fas fa-caret-up\"><\/i><\/span>\n\t\t\t\t\t\t\t\t\t\t\t\t\t<\/span>\n\t\t\t\t\t\t\t\t\t\t\t\t<a class=\"elementor-toggle-title\" tabindex=\"0\">Puis-je apporter des modifications \u00e0 ma maison modulaire? <\/a>\n\t\t\t\t\t<\/div>\n\n\t\t\t\t\t<div id=\"elementor-tab-content-9063\" class=\"elementor-tab-content elementor-clearfix\" data-tab=\"3\" role=\"region\" aria-labelledby=\"elementor-tab-title-9063\"><p><span style=\"font-weight: 400;\">Bien s\u00fbr !\u00a0<\/span><\/p>\n<p><span style=\"font-weight: 400;\">Nos espaces modulaires sont personnalis\u00e9s.<\/span><\/p>\n<p><span style=\"font-weight: 400;\">Si vous choisissez une de nos maisons pr\u00e9fabriqu\u00e9es, nous parlerons des besoins qui doivent \u00eatre couverts dans votre maison et nous vous donnerons des options pour que vous puissiez choisir les finitions et la distribution et que tout soit comme vous l&rsquo;imaginez.\u00a0<\/span><\/p>\n<p><span style=\"font-weight: 400;\">Nous pouvons \u00e9galement vous proposer un design enti\u00e8rement personnalis\u00e9 \u00e0 partir de z\u00e9ro, qui sera votre propre design exclusif et s&rsquo;adaptera \u00e0 tous vos besoins.\u00a0<\/span><\/p>\n<\/div>\n\t\t\t\t<\/div>\n\t\t\t\t\t\t\t<div class=\"elementor-toggle-item\">\n\t\t\t\t\t<div id=\"elementor-tab-title-9064\" class=\"elementor-tab-title\" data-tab=\"4\" role=\"button\" aria-controls=\"elementor-tab-content-9064\" aria-expanded=\"false\">\n\t\t\t\t\t\t\t\t\t\t\t\t<span class=\"elementor-toggle-icon elementor-toggle-icon-right\" aria-hidden=\"true\">\n\t\t\t\t\t\t\t\t\t\t\t\t\t\t\t<span class=\"elementor-toggle-icon-closed\"><i class=\"fas fa-caret-right\"><\/i><\/span>\n\t\t\t\t\t\t\t\t<span class=\"elementor-toggle-icon-opened\"><i class=\"elementor-toggle-icon-opened fas fa-caret-up\"><\/i><\/span>\n\t\t\t\t\t\t\t\t\t\t\t\t\t<\/span>\n\t\t\t\t\t\t\t\t\t\t\t\t<a class=\"elementor-toggle-title\" tabindex=\"0\">Qui assurera le suivi de mon projet et de ma construction?\u00a0<\/a>\n\t\t\t\t\t<\/div>\n\n\t\t\t\t\t<div id=\"elementor-tab-content-9064\" class=\"elementor-tab-content elementor-clearfix\" data-tab=\"4\" role=\"region\" aria-labelledby=\"elementor-tab-title-9064\"><p><span style=\"font-weight: 400;\">Notre \u00e9quipe vous attribuera un technicien sp\u00e9cifique sp\u00e9cialis\u00e9 dans la maison que nous avons cr\u00e9\u00e9e pour vous et il sera en contact permanent avec vous pendant toutes les phases du projet. Le traitement que vous recevrez est enti\u00e8rement personnalis\u00e9 pour vous.\u00a0<\/span><\/p>\n<\/div>\n\t\t\t\t<\/div>\n\t\t\t\t\t\t\t<div class=\"elementor-toggle-item\">\n\t\t\t\t\t<div id=\"elementor-tab-title-9065\" class=\"elementor-tab-title\" data-tab=\"5\" role=\"button\" aria-controls=\"elementor-tab-content-9065\" aria-expanded=\"false\">\n\t\t\t\t\t\t\t\t\t\t\t\t<span class=\"elementor-toggle-icon elementor-toggle-icon-right\" aria-hidden=\"true\">\n\t\t\t\t\t\t\t\t\t\t\t\t\t\t\t<span class=\"elementor-toggle-icon-closed\"><i class=\"fas fa-caret-right\"><\/i><\/span>\n\t\t\t\t\t\t\t\t<span class=\"elementor-toggle-icon-opened\"><i class=\"elementor-toggle-icon-opened fas fa-caret-up\"><\/i><\/span>\n\t\t\t\t\t\t\t\t\t\t\t\t\t<\/span>\n\t\t\t\t\t\t\t\t\t\t\t\t<a class=\"elementor-toggle-title\" tabindex=\"0\">Terrain rustique ou urbain. O\u00f9 puis-je situer ma maison?\u00a0<\/a>\n\t\t\t\t\t<\/div>\n\n\t\t\t\t\t<div id=\"elementor-tab-content-9065\" class=\"elementor-tab-content elementor-clearfix\" data-tab=\"5\" role=\"region\" aria-labelledby=\"elementor-tab-title-9065\"><p><span style=\"font-weight: 400;\">\u00c0 Cortabitarte, vous d\u00e9cidez comment et o\u00f9 vous voulez vivre et nous nous adaptons \u00e0 l&rsquo;environnement, en personnalisant enti\u00e8rement votre maison et en tenant toujours compte des r\u00e9glementations de chaque province et municipalit\u00e9.<\/span><\/p>\n<\/div>\n\t\t\t\t<\/div>\n\t\t\t\t\t\t\t<div class=\"elementor-toggle-item\">\n\t\t\t\t\t<div id=\"elementor-tab-title-9066\" class=\"elementor-tab-title\" data-tab=\"6\" role=\"button\" aria-controls=\"elementor-tab-content-9066\" aria-expanded=\"false\">\n\t\t\t\t\t\t\t\t\t\t\t\t<span class=\"elementor-toggle-icon elementor-toggle-icon-right\" aria-hidden=\"true\">\n\t\t\t\t\t\t\t\t\t\t\t\t\t\t\t<span class=\"elementor-toggle-icon-closed\"><i class=\"fas fa-caret-right\"><\/i><\/span>\n\t\t\t\t\t\t\t\t<span class=\"elementor-toggle-icon-opened\"><i class=\"elementor-toggle-icon-opened fas fa-caret-up\"><\/i><\/span>\n\t\t\t\t\t\t\t\t\t\t\t\t\t<\/span>\n\t\t\t\t\t\t\t\t\t\t\t\t<a class=\"elementor-toggle-title\" tabindex=\"0\">Les structures des maisons de Cortabitarte sont-elles solides?\u00a0<\/a>\n\t\t\t\t\t<\/div>\n\n\t\t\t\t\t<div id=\"elementor-tab-content-9066\" class=\"elementor-tab-content elementor-clearfix\" data-tab=\"6\" role=\"region\" aria-labelledby=\"elementor-tab-title-9066\"><p><span style=\"font-weight: 400;\">Les maisons modulaires Cortabitarte sont construites selon le code technique espagnol de la construction et sont conformes \u00e0 toutes les normes et r\u00e9glementations de construction. Notre syst\u00e8me de construction est d\u00e9riv\u00e9 du syst\u00e8me Steell Frame, bas\u00e9 sur une structure de poutres et de colonnes en acier, qui est le syst\u00e8me utilis\u00e9, entre autres, pour la construction des gratte-ciels.\u00a0<\/span><\/p>\n<p><span style=\"font-weight: 400;\">Nos structures ne sont pas seulement solides, mais elles sont aussi plus performantes que les structures en b\u00e9ton ; un exemple est leur r\u00e9ponse \u00e0 l&rsquo;activit\u00e9 sismique.\u00a0\u00a0<\/span><\/p>\n<\/div>\n\t\t\t\t<\/div>\n\t\t\t\t\t\t\t<div class=\"elementor-toggle-item\">\n\t\t\t\t\t<div id=\"elementor-tab-title-9067\" class=\"elementor-tab-title\" data-tab=\"7\" role=\"button\" aria-controls=\"elementor-tab-content-9067\" aria-expanded=\"false\">\n\t\t\t\t\t\t\t\t\t\t\t\t<span class=\"elementor-toggle-icon elementor-toggle-icon-right\" aria-hidden=\"true\">\n\t\t\t\t\t\t\t\t\t\t\t\t\t\t\t<span class=\"elementor-toggle-icon-closed\"><i class=\"fas fa-caret-right\"><\/i><\/span>\n\t\t\t\t\t\t\t\t<span class=\"elementor-toggle-icon-opened\"><i class=\"elementor-toggle-icon-opened fas fa-caret-up\"><\/i><\/span>\n\t\t\t\t\t\t\t\t\t\t\t\t\t<\/span>\n\t\t\t\t\t\t\t\t\t\t\t\t<a class=\"elementor-toggle-title\" tabindex=\"0\">Quelle garantie ont les maisons modulaires Cortabitarte?\u00a0<\/a>\n\t\t\t\t\t<\/div>\n\n\t\t\t\t\t<div id=\"elementor-tab-content-9067\" class=\"elementor-tab-content elementor-clearfix\" data-tab=\"7\" role=\"region\" aria-labelledby=\"elementor-tab-title-9067\"><p><span style=\"font-weight: 400;\">Tous les mat\u00e9riaux utilis\u00e9s dans la construction modulaire de Cortabitarte proviennent des marques les plus reconnues sur le march\u00e9 national et international, qui r\u00e9pondent aux normes de qualit\u00e9 totale ISO 9000.<\/span><\/p>\n<p><span style=\"font-weight: 400;\">Certaines \u00e9tudes soutiennent une plus grande durabilit\u00e9 de notre syst\u00e8me de construction par rapport \u00e0 la construction en briques conventionnelles, jusqu&rsquo;\u00e0 5 fois, ce qui vous garantit une tranquillit\u00e9 d&rsquo;esprit maximale. Une maison modulaire Cortabitarte vous durera au moins aussi longtemps qu&rsquo;une maison construite avec le syst\u00e8me traditionnel de brique et de b\u00e9ton.<\/span><\/p>\n<p><span style=\"font-weight: 400;\">Conform\u00e9ment aux garanties l\u00e9gales en Espagne, nous offrons une garantie de 10 ans pour les \u00e9ventuels d\u00e9fauts de structure des maisons, 3 ans pour les installations et 1 an pour les rev\u00eatements.\u00a0<\/span><\/p>\n<\/div>\n\t\t\t\t<\/div>\n\t\t\t\t\t\t\t<div class=\"elementor-toggle-item\">\n\t\t\t\t\t<div id=\"elementor-tab-title-9068\" class=\"elementor-tab-title\" data-tab=\"8\" role=\"button\" aria-controls=\"elementor-tab-content-9068\" aria-expanded=\"false\">\n\t\t\t\t\t\t\t\t\t\t\t\t<span class=\"elementor-toggle-icon elementor-toggle-icon-right\" aria-hidden=\"true\">\n\t\t\t\t\t\t\t\t\t\t\t\t\t\t\t<span class=\"elementor-toggle-icon-closed\"><i class=\"fas fa-caret-right\"><\/i><\/span>\n\t\t\t\t\t\t\t\t<span class=\"elementor-toggle-icon-opened\"><i class=\"elementor-toggle-icon-opened fas fa-caret-up\"><\/i><\/span>\n\t\t\t\t\t\t\t\t\t\t\t\t\t<\/span>\n\t\t\t\t\t\t\t\t\t\t\t\t<a class=\"elementor-toggle-title\" tabindex=\"0\">Quels sont les avantages \u00e9nerg\u00e9tiques des maisons modulaires Cortabitarte par rapport aux b\u00e2timents conventionnels?\u00a0<\/a>\n\t\t\t\t\t<\/div>\n\n\t\t\t\t\t<div id=\"elementor-tab-content-9068\" class=\"elementor-tab-content elementor-clearfix\" data-tab=\"8\" role=\"region\" aria-labelledby=\"elementor-tab-title-9068\"><p><span style=\"font-weight: 400;\">Gr\u00e2ce \u00e0 notre syst\u00e8me de construction bas\u00e9 sur les normes de construction des logements bioclimatiques, les maisons modulaires Cortabitarte permettent de r\u00e9aliser des \u00e9conomies d&rsquo;\u00e9nergie de plus de 55 %. C&rsquo;est pourquoi ils obtiennent une classification \u00e9nerg\u00e9tique de type A.\u00a0<\/span><\/p>\n<p><span style=\"font-weight: 400;\">Nos maisons modulaires sont efficaces et sont con\u00e7ues avec des m\u00e9thodes de construction et d&rsquo;isolation qui \u00e9vitent une perte maximale d&rsquo;\u00e9nergie en exigeant un minimum d&rsquo;apport.\u00a0 Nous investissons dans des syst\u00e8mes d&rsquo;isolation, afin que vous puissiez \u00e9conomiser les co\u00fbts \u00e9nerg\u00e9tiques tout au long de la vie de votre maison.<\/span><\/p>\n<\/div>\n\t\t\t\t<\/div>\n\t\t\t\t\t\t\t<div class=\"elementor-toggle-item\">\n\t\t\t\t\t<div id=\"elementor-tab-title-9069\" class=\"elementor-tab-title\" data-tab=\"9\" role=\"button\" aria-controls=\"elementor-tab-content-9069\" aria-expanded=\"false\">\n\t\t\t\t\t\t\t\t\t\t\t\t<span class=\"elementor-toggle-icon elementor-toggle-icon-right\" aria-hidden=\"true\">\n\t\t\t\t\t\t\t\t\t\t\t\t\t\t\t<span class=\"elementor-toggle-icon-closed\"><i class=\"fas fa-caret-right\"><\/i><\/span>\n\t\t\t\t\t\t\t\t<span class=\"elementor-toggle-icon-opened\"><i class=\"elementor-toggle-icon-opened fas fa-caret-up\"><\/i><\/span>\n\t\t\t\t\t\t\t\t\t\t\t\t\t<\/span>\n\t\t\t\t\t\t\t\t\t\t\t\t<a class=\"elementor-toggle-title\" tabindex=\"0\">Quel syst\u00e8me de chauffage puis-je utiliser?\u00a0<\/a>\n\t\t\t\t\t<\/div>\n\n\t\t\t\t\t<div id=\"elementor-tab-content-9069\" class=\"elementor-tab-content elementor-clearfix\" data-tab=\"9\" role=\"region\" aria-labelledby=\"elementor-tab-title-9069\"><p><span style=\"font-weight: 400;\">Les maisons modulaires Cortabitarte sont toujours responsables vis-\u00e0-vis de l&rsquo;environnement et sont donc aliment\u00e9es par des \u00e9nergies renouvelables. Cependant, vous pouvez toujours choisir le syst\u00e8me de chauffage qui convient le mieux \u00e0 votre budget.\u00a0<\/span><\/p>\n<\/div>\n\t\t\t\t<\/div>\n\t\t\t\t\t\t\t<div class=\"elementor-toggle-item\">\n\t\t\t\t\t<div id=\"elementor-tab-title-90610\" class=\"elementor-tab-title\" data-tab=\"10\" role=\"button\" aria-controls=\"elementor-tab-content-90610\" aria-expanded=\"false\">\n\t\t\t\t\t\t\t\t\t\t\t\t<span class=\"elementor-toggle-icon elementor-toggle-icon-right\" aria-hidden=\"true\">\n\t\t\t\t\t\t\t\t\t\t\t\t\t\t\t<span class=\"elementor-toggle-icon-closed\"><i class=\"fas fa-caret-right\"><\/i><\/span>\n\t\t\t\t\t\t\t\t<span class=\"elementor-toggle-icon-opened\"><i class=\"elementor-toggle-icon-opened fas fa-caret-up\"><\/i><\/span>\n\t\t\t\t\t\t\t\t\t\t\t\t\t<\/span>\n\t\t\t\t\t\t\t\t\t\t\t\t<a class=\"elementor-toggle-title\" tabindex=\"0\">Comment puis-je voir les mat\u00e9riaux et les finitions de ma maison modulaire?<\/a>\n\t\t\t\t\t<\/div>\n\n\t\t\t\t\t<div id=\"elementor-tab-content-90610\" class=\"elementor-tab-content elementor-clearfix\" data-tab=\"10\" role=\"region\" aria-labelledby=\"elementor-tab-title-90610\"><p><span style=\"font-weight: 400;\">En cr\u00e9ant un compte Cortabitarte sur notre site web, vous aurez acc\u00e8s aux catalogues de finitions et de mat\u00e9riaux disponibles pour la fabrication de votre maison et pourrez ainsi choisir celle qui vous pla\u00eet le plus. Nous pouvons \u00e9galement organiser un rendez-vous pour que vous puissiez venir \u00e0 notre usine et voir et toucher les mat\u00e9riaux que nous utiliserons.\u00a0\u00a0<\/span><\/p>\n<\/div>\n\t\t\t\t<\/div>\n\t\t\t\t\t\t\t\t<\/div>\n\t\t\t\t\t\t<\/div>\n\t\t\t\t<\/div>\n\t\t\t\t\t<\/div>\n\t\t<\/div>\n\t\t\t\t\t<\/div>\n\t\t<\/section>\n\t\t\t\t<\/div>\n\t\t","protected":false},"excerpt":{"rendered":"<p>FAQ Questions fr\u00e9quentes Est-ce vraiment un prix ferm\u00e9? Oui, tout au long de notre exp\u00e9rience, nous avons con\u00e7u, fabriqu\u00e9, construit et mis en \u0153uvre une grande vari\u00e9t\u00e9 de mod\u00e8les de logements modulaires et de modules pr\u00e9fabriqu\u00e9s, ce qui nous a amen\u00e9s \u00e0 \u00e9tudier chaque d\u00e9tail dans chaque phase de la conception et de la production [&hellip;]<\/p>\n","protected":false},"author":1,"featured_media":0,"parent":0,"menu_order":0,"comment_status":"closed","ping_status":"closed","template":"elementor_header_footer","meta":{"footnotes":""},"class_list":["post-2018","page","type-page","status-publish","hentry"],"_links":{"self":[{"href":"https:\/\/cortabitarte.com\/fr\/wp-json\/wp\/v2\/pages\/2018","targetHints":{"allow":["GET"]}}],"collection":[{"href":"https:\/\/cortabitarte.com\/fr\/wp-json\/wp\/v2\/pages"}],"about":[{"href":"https:\/\/cortabitarte.com\/fr\/wp-json\/wp\/v2\/types\/page"}],"author":[{"embeddable":true,"href":"https:\/\/cortabitarte.com\/fr\/wp-json\/wp\/v2\/users\/1"}],"replies":[{"embeddable":true,"href":"https:\/\/cortabitarte.com\/fr\/wp-json\/wp\/v2\/comments?post=2018"}],"version-history":[{"count":1,"href":"https:\/\/cortabitarte.com\/fr\/wp-json\/wp\/v2\/pages\/2018\/revisions"}],"predecessor-version":[{"id":2019,"href":"https:\/\/cortabitarte.com\/fr\/wp-json\/wp\/v2\/pages\/2018\/revisions\/2019"}],"wp:attachment":[{"href":"https:\/\/cortabitarte.com\/fr\/wp-json\/wp\/v2\/media?parent=2018"}],"curies":[{"name":"wp","href":"https:\/\/api.w.org\/{rel}","templated":true}]}}