{"id":2688,"date":"2021-01-26T06:41:00","date_gmt":"2021-01-26T06:41:00","guid":{"rendered":"https:\/\/cortabitarte.com\/faq\/"},"modified":"2021-01-26T06:41:01","modified_gmt":"2021-01-26T06:41:01","slug":"faq","status":"publish","type":"page","link":"https:\/\/cortabitarte.com\/ca\/faq\/","title":{"rendered":"FAQ"},"content":{"rendered":"\t\t<div data-elementor-type=\"wp-page\" data-elementor-id=\"2688\" class=\"elementor elementor-2688 elementor-917\" data-elementor-post-type=\"page\">\n\t\t\t\t\t\t<section class=\"elementor-section elementor-top-section elementor-element elementor-element-400f1a0 elementor-section-content-middle elementor-section-stretched elementor-section-full_width elementor-section-height-min-height elementor-section-height-default elementor-section-items-middle\" data-id=\"400f1a0\" data-element_type=\"section\" data-settings=\"{&quot;background_background&quot;:&quot;classic&quot;,&quot;stretch_section&quot;:&quot;section-stretched&quot;}\">\n\t\t\t\t\t\t<div class=\"elementor-container elementor-column-gap-no\">\n\t\t\t\t\t<div class=\"elementor-column elementor-col-100 elementor-top-column elementor-element elementor-element-a8e9fcf\" data-id=\"a8e9fcf\" data-element_type=\"column\">\n\t\t\t<div class=\"elementor-widget-wrap\">\n\t\t\t\t\t\t\t<\/div>\n\t\t<\/div>\n\t\t\t\t\t<\/div>\n\t\t<\/section>\n\t\t\t\t<section class=\"elementor-section elementor-top-section elementor-element elementor-element-875c075 elementor-section-content-middle elementor-section-stretched elementor-section-full_width elementor-section-height-min-height elementor-section-height-default elementor-section-items-middle\" data-id=\"875c075\" data-element_type=\"section\" data-settings=\"{&quot;background_background&quot;:&quot;classic&quot;,&quot;stretch_section&quot;:&quot;section-stretched&quot;}\">\n\t\t\t\t\t\t<div class=\"elementor-container elementor-column-gap-no\">\n\t\t\t\t\t<div class=\"elementor-column elementor-col-100 elementor-top-column elementor-element elementor-element-85dd3c4\" data-id=\"85dd3c4\" data-element_type=\"column\">\n\t\t\t<div class=\"elementor-widget-wrap elementor-element-populated\">\n\t\t\t\t\t\t<div class=\"elementor-element elementor-element-a84e3d5 elementor-widget elementor-widget-heading\" data-id=\"a84e3d5\" data-element_type=\"widget\" data-widget_type=\"heading.default\">\n\t\t\t\t<div class=\"elementor-widget-container\">\n\t\t\t\t\t<h4 class=\"elementor-heading-title elementor-size-default\">FAQ<\/h4>\t\t\t\t<\/div>\n\t\t\t\t<\/div>\n\t\t\t\t<div class=\"elementor-element elementor-element-f395f7d elementor-widget-divider--view-line elementor-widget elementor-widget-divider\" data-id=\"f395f7d\" data-element_type=\"widget\" data-widget_type=\"divider.default\">\n\t\t\t\t<div class=\"elementor-widget-container\">\n\t\t\t\t\t\t\t<div class=\"elementor-divider\">\n\t\t\t<span class=\"elementor-divider-separator\">\n\t\t\t\t\t\t<\/span>\n\t\t<\/div>\n\t\t\t\t\t\t<\/div>\n\t\t\t\t<\/div>\n\t\t\t\t\t<\/div>\n\t\t<\/div>\n\t\t\t\t\t<\/div>\n\t\t<\/section>\n\t\t\t\t<section class=\"elementor-section elementor-top-section elementor-element elementor-element-2f512796 elementor-section-content-middle elementor-section-boxed elementor-section-height-default elementor-section-height-default\" data-id=\"2f512796\" data-element_type=\"section\">\n\t\t\t\t\t\t<div class=\"elementor-container elementor-column-gap-no\">\n\t\t\t\t\t<div class=\"elementor-column elementor-col-100 elementor-top-column elementor-element elementor-element-9e81282\" data-id=\"9e81282\" data-element_type=\"column\">\n\t\t\t<div class=\"elementor-widget-wrap elementor-element-populated\">\n\t\t\t\t\t\t<div class=\"elementor-element elementor-element-74c62ca8 elementor-widget elementor-widget-heading\" data-id=\"74c62ca8\" data-element_type=\"widget\" data-widget_type=\"heading.default\">\n\t\t\t\t<div class=\"elementor-widget-container\">\n\t\t\t\t\t<h5 class=\"elementor-heading-title elementor-size-default\">Preguntes freq\u00fcents<\/h5>\t\t\t\t<\/div>\n\t\t\t\t<\/div>\n\t\t\t\t<div class=\"elementor-element elementor-element-3604e858 elementor-widget elementor-widget-toggle\" data-id=\"3604e858\" data-element_type=\"widget\" data-widget_type=\"toggle.default\">\n\t\t\t\t<div class=\"elementor-widget-container\">\n\t\t\t\t\t\t\t<div class=\"elementor-toggle\">\n\t\t\t\t\t\t\t<div class=\"elementor-toggle-item\">\n\t\t\t\t\t<div id=\"elementor-tab-title-9061\" class=\"elementor-tab-title\" data-tab=\"1\" role=\"button\" aria-controls=\"elementor-tab-content-9061\" aria-expanded=\"false\">\n\t\t\t\t\t\t\t\t\t\t\t\t<span class=\"elementor-toggle-icon elementor-toggle-icon-right\" aria-hidden=\"true\">\n\t\t\t\t\t\t\t\t\t\t\t\t\t\t\t<span class=\"elementor-toggle-icon-closed\"><i class=\"fas fa-caret-right\"><\/i><\/span>\n\t\t\t\t\t\t\t\t<span class=\"elementor-toggle-icon-opened\"><i class=\"elementor-toggle-icon-opened fas fa-caret-up\"><\/i><\/span>\n\t\t\t\t\t\t\t\t\t\t\t\t\t<\/span>\n\t\t\t\t\t\t\t\t\t\t\t\t<a class=\"elementor-toggle-title\" tabindex=\"0\">REALMENT \u00c9S UN PREU TANCAT?<\/a>\n\t\t\t\t\t<\/div>\n\n\t\t\t\t\t<div id=\"elementor-tab-content-9061\" class=\"elementor-tab-content elementor-clearfix\" data-tab=\"1\" role=\"region\" aria-labelledby=\"elementor-tab-title-9061\"><p>S\u00ed. Al llarg de la nostra experi\u00e8ncia hem dissenyat, fabricat, constru\u00eft i implementat una gran varietat de models de vivenda modular i m\u00f2duls prefabricats, fet que ens ha portat a estudiar cada detall minuciosament a cada fase del disseny i producci\u00f3 de la vivenda. Des del projecte i implementaci\u00f3 fins a la construcci\u00f3 i l\u2019interiorisme. Per aix\u00f2 podem garantir un preu 100% tancat. <\/p>\n<\/div>\n\t\t\t\t<\/div>\n\t\t\t\t\t\t\t<div class=\"elementor-toggle-item\">\n\t\t\t\t\t<div id=\"elementor-tab-title-9062\" class=\"elementor-tab-title\" data-tab=\"2\" role=\"button\" aria-controls=\"elementor-tab-content-9062\" aria-expanded=\"false\">\n\t\t\t\t\t\t\t\t\t\t\t\t<span class=\"elementor-toggle-icon elementor-toggle-icon-right\" aria-hidden=\"true\">\n\t\t\t\t\t\t\t\t\t\t\t\t\t\t\t<span class=\"elementor-toggle-icon-closed\"><i class=\"fas fa-caret-right\"><\/i><\/span>\n\t\t\t\t\t\t\t\t<span class=\"elementor-toggle-icon-opened\"><i class=\"elementor-toggle-icon-opened fas fa-caret-up\"><\/i><\/span>\n\t\t\t\t\t\t\t\t\t\t\t\t\t<\/span>\n\t\t\t\t\t\t\t\t\t\t\t\t<a class=\"elementor-toggle-title\" tabindex=\"0\">EN QUANT DE TEMPS ESTAR\u00c0 LLESTA LA MEVA VIVENDA MODULAR CORTABITARTE?<\/a>\n\t\t\t\t\t<\/div>\n\n\t\t\t\t\t<div id=\"elementor-tab-content-9062\" class=\"elementor-tab-content elementor-clearfix\" data-tab=\"2\" role=\"region\" aria-labelledby=\"elementor-tab-title-9062\"><p>El proc\u00e9s de construcci\u00f3 de qualsevol projecte \u00e9s molt clar i el dividim per fases.\u00a0<\/p>\n<p>\nDespr\u00e9s de la signatura del contracte donem inici a diferents fases de l\u2019execuci\u00f3 del projecte que van des de la prepara el terreny de construcci\u00f3, tramitar les llic\u00e8ncies i permisos, escomesa de serveis, fabricaci\u00f3 de la vivenda, transport dels m\u00f2duls prefabricats, muntatge, urbanitzaci\u00f3 i entrega de les claus en m\u00e0. Tot aix\u00f2 ho realitzem en un termini m\u00e0xim de tres mesos. Nom\u00e9s caldr\u00e0 afegir el temps que el teu ajuntament precisi per a la concessi\u00f3 de la llic\u00e8ncia d\u2019edificaci\u00f3, que acostuma a ser d\u2019entre un i dos mesos.<\/p>\n<\/div>\n\t\t\t\t<\/div>\n\t\t\t\t\t\t\t<div class=\"elementor-toggle-item\">\n\t\t\t\t\t<div id=\"elementor-tab-title-9063\" class=\"elementor-tab-title\" data-tab=\"3\" role=\"button\" aria-controls=\"elementor-tab-content-9063\" aria-expanded=\"false\">\n\t\t\t\t\t\t\t\t\t\t\t\t<span class=\"elementor-toggle-icon elementor-toggle-icon-right\" aria-hidden=\"true\">\n\t\t\t\t\t\t\t\t\t\t\t\t\t\t\t<span class=\"elementor-toggle-icon-closed\"><i class=\"fas fa-caret-right\"><\/i><\/span>\n\t\t\t\t\t\t\t\t<span class=\"elementor-toggle-icon-opened\"><i class=\"elementor-toggle-icon-opened fas fa-caret-up\"><\/i><\/span>\n\t\t\t\t\t\t\t\t\t\t\t\t\t<\/span>\n\t\t\t\t\t\t\t\t\t\t\t\t<a class=\"elementor-toggle-title\" tabindex=\"0\">PUC REALITZAR CANVIS A LA MEVA VIVENDA MODULAR?<\/a>\n\t\t\t\t\t<\/div>\n\n\t\t\t\t\t<div id=\"elementor-tab-content-9063\" class=\"elementor-tab-content elementor-clearfix\" data-tab=\"3\" role=\"region\" aria-labelledby=\"elementor-tab-title-9063\"><p>\u00c9s clar!<\/p>\n<p>Els nostres espais modulars s\u00f3n personalitzats.<\/p>\n<p>En el cas que escullis un dels nostres models tipus de cases prefabricades, parlarem de les necessitats que han de ser cobertes en el teu habitatge i t\u2019oferirem opcions per a que puguis escollir els acabats i distribuci\u00f3 i que aquest sigui tal i com l\u2019imagines.<\/p>\n<p>Tamb\u00e9 podem oferir-te un disseny completament personalitzat des de zero que ser\u00e0 el teu propi disseny exclusiu i s\u2019adaptar\u00e0 a totes les teves necessitats.<\/p>\n<\/div>\n\t\t\t\t<\/div>\n\t\t\t\t\t\t\t<div class=\"elementor-toggle-item\">\n\t\t\t\t\t<div id=\"elementor-tab-title-9064\" class=\"elementor-tab-title\" data-tab=\"4\" role=\"button\" aria-controls=\"elementor-tab-content-9064\" aria-expanded=\"false\">\n\t\t\t\t\t\t\t\t\t\t\t\t<span class=\"elementor-toggle-icon elementor-toggle-icon-right\" aria-hidden=\"true\">\n\t\t\t\t\t\t\t\t\t\t\t\t\t\t\t<span class=\"elementor-toggle-icon-closed\"><i class=\"fas fa-caret-right\"><\/i><\/span>\n\t\t\t\t\t\t\t\t<span class=\"elementor-toggle-icon-opened\"><i class=\"elementor-toggle-icon-opened fas fa-caret-up\"><\/i><\/span>\n\t\t\t\t\t\t\t\t\t\t\t\t\t<\/span>\n\t\t\t\t\t\t\t\t\t\t\t\t<a class=\"elementor-toggle-title\" tabindex=\"0\">QUI REALITZAR\u00c0 EL SEGUIMENT AL MEU PROJECTE I A LA CONSTRUCCI\u00d3?<\/a>\n\t\t\t\t\t<\/div>\n\n\t\t\t\t\t<div id=\"elementor-tab-content-9064\" class=\"elementor-tab-content elementor-clearfix\" data-tab=\"4\" role=\"region\" aria-labelledby=\"elementor-tab-title-9064\"><p>El nostre equip assignar\u00e0 un t\u00e8cnic espec\u00edfic especialitzat en la casa que haguem creat per a tu i ell estar\u00e0 en continu contacte amb tu durant totes les fases del projecte. El tracte que tindr\u00e0s \u00e9s completament personalitzat per a tu. <\/p>\n<\/div>\n\t\t\t\t<\/div>\n\t\t\t\t\t\t\t<div class=\"elementor-toggle-item\">\n\t\t\t\t\t<div id=\"elementor-tab-title-9065\" class=\"elementor-tab-title\" data-tab=\"5\" role=\"button\" aria-controls=\"elementor-tab-content-9065\" aria-expanded=\"false\">\n\t\t\t\t\t\t\t\t\t\t\t\t<span class=\"elementor-toggle-icon elementor-toggle-icon-right\" aria-hidden=\"true\">\n\t\t\t\t\t\t\t\t\t\t\t\t\t\t\t<span class=\"elementor-toggle-icon-closed\"><i class=\"fas fa-caret-right\"><\/i><\/span>\n\t\t\t\t\t\t\t\t<span class=\"elementor-toggle-icon-opened\"><i class=\"elementor-toggle-icon-opened fas fa-caret-up\"><\/i><\/span>\n\t\t\t\t\t\t\t\t\t\t\t\t\t<\/span>\n\t\t\t\t\t\t\t\t\t\t\t\t<a class=\"elementor-toggle-title\" tabindex=\"0\">TERRENY R\u00daSTIC O URB\u00c0. ON PUC UBICAR LA MEVA CASA?<\/a>\n\t\t\t\t\t<\/div>\n\n\t\t\t\t\t<div id=\"elementor-tab-content-9065\" class=\"elementor-tab-content elementor-clearfix\" data-tab=\"5\" role=\"region\" aria-labelledby=\"elementor-tab-title-9065\"><p>A Cortabitarte tu esculls com i on vols viure i nosaltres t\u2019adaptem el terreny, personalitzant completament la teva vivenda i tenint sempre en consideraci\u00f3 les normatives de cada prov\u00edncia i municipi. <\/p>\n<\/div>\n\t\t\t\t<\/div>\n\t\t\t\t\t\t\t<div class=\"elementor-toggle-item\">\n\t\t\t\t\t<div id=\"elementor-tab-title-9066\" class=\"elementor-tab-title\" data-tab=\"6\" role=\"button\" aria-controls=\"elementor-tab-content-9066\" aria-expanded=\"false\">\n\t\t\t\t\t\t\t\t\t\t\t\t<span class=\"elementor-toggle-icon elementor-toggle-icon-right\" aria-hidden=\"true\">\n\t\t\t\t\t\t\t\t\t\t\t\t\t\t\t<span class=\"elementor-toggle-icon-closed\"><i class=\"fas fa-caret-right\"><\/i><\/span>\n\t\t\t\t\t\t\t\t<span class=\"elementor-toggle-icon-opened\"><i class=\"elementor-toggle-icon-opened fas fa-caret-up\"><\/i><\/span>\n\t\t\t\t\t\t\t\t\t\t\t\t\t<\/span>\n\t\t\t\t\t\t\t\t\t\t\t\t<a class=\"elementor-toggle-title\" tabindex=\"0\">S\u00d3N S\u00d2LIDES LES ESTRUCTURES DE LES CASES CORTABITARTE?<\/a>\n\t\t\t\t\t<\/div>\n\n\t\t\t\t\t<div id=\"elementor-tab-content-9066\" class=\"elementor-tab-content elementor-clearfix\" data-tab=\"6\" role=\"region\" aria-labelledby=\"elementor-tab-title-9066\"><p>Les vivendes modulars Cortabitarte es construeixen sota el Codi T\u00e8cnic d\u2019Edificaci\u00f3 d\u2019Espanya i compleixen tots els est\u00e0ndards i normatives de construcci\u00f3. \u00a0El nostre sistema constructiu deriva del sistema Steell Frame, basat en estructures de bigues i columnes d\u2019acer, que \u00e9s el sistema que empren, entre altres usos, per a la construcci\u00f3 de gratacels.<\/p>\n<p>Les nostres estructures no solament s\u00f3n s\u00f2lides, sin\u00f3 que a m\u00e9s tenen millor comportament que les de formig\u00f3; un exemple d\u2019aix\u00f2 \u00e9s la resposta que ofereixen enfront l\u2019activitat s\u00edsmica.<\/p>\n<\/div>\n\t\t\t\t<\/div>\n\t\t\t\t\t\t\t<div class=\"elementor-toggle-item\">\n\t\t\t\t\t<div id=\"elementor-tab-title-9067\" class=\"elementor-tab-title\" data-tab=\"7\" role=\"button\" aria-controls=\"elementor-tab-content-9067\" aria-expanded=\"false\">\n\t\t\t\t\t\t\t\t\t\t\t\t<span class=\"elementor-toggle-icon elementor-toggle-icon-right\" aria-hidden=\"true\">\n\t\t\t\t\t\t\t\t\t\t\t\t\t\t\t<span class=\"elementor-toggle-icon-closed\"><i class=\"fas fa-caret-right\"><\/i><\/span>\n\t\t\t\t\t\t\t\t<span class=\"elementor-toggle-icon-opened\"><i class=\"elementor-toggle-icon-opened fas fa-caret-up\"><\/i><\/span>\n\t\t\t\t\t\t\t\t\t\t\t\t\t<\/span>\n\t\t\t\t\t\t\t\t\t\t\t\t<a class=\"elementor-toggle-title\" tabindex=\"0\">QUINA GARANTIA TENEN LES CASES MODULARS DE CORTABITARTE?<\/a>\n\t\t\t\t\t<\/div>\n\n\t\t\t\t\t<div id=\"elementor-tab-content-9067\" class=\"elementor-tab-content elementor-clearfix\" data-tab=\"7\" role=\"region\" aria-labelledby=\"elementor-tab-title-9067\"><p>Tots els materials emprats en la construcci\u00f3 modular a Cortabitarte provenen de les marques m\u00e9s reconegudes del mercat nacional i internacional, que compleixen amb les normes de qualitat total ISO 9000.<\/p>\n<p>Existeixen estudis que avalen una major durabilitat del nostre sistema de construcci\u00f3 sobre la construcci\u00f3 convencional de ma\u00f3, de fins a 5 vegades, fet que garanteix m\u00e0xima tranquil\u00b7litat. Una vivenda modular Cortabitarte durar\u00e0, com a m\u00ednim, el mateix que una casa constru\u00efda amb el sistema tradicional de ma\u00f3 i formig\u00f3.<\/p>\n<p>Seguint amb les garanties legals d\u2019Espanya, oferim una garantia de 10 anys per a eventuals defectes en l\u2019estructura de les cases, 3 anys en instal\u00b7lacions i 1 any en revestiments.<\/p>\n<\/div>\n\t\t\t\t<\/div>\n\t\t\t\t\t\t\t<div class=\"elementor-toggle-item\">\n\t\t\t\t\t<div id=\"elementor-tab-title-9068\" class=\"elementor-tab-title\" data-tab=\"8\" role=\"button\" aria-controls=\"elementor-tab-content-9068\" aria-expanded=\"false\">\n\t\t\t\t\t\t\t\t\t\t\t\t<span class=\"elementor-toggle-icon elementor-toggle-icon-right\" aria-hidden=\"true\">\n\t\t\t\t\t\t\t\t\t\t\t\t\t\t\t<span class=\"elementor-toggle-icon-closed\"><i class=\"fas fa-caret-right\"><\/i><\/span>\n\t\t\t\t\t\t\t\t<span class=\"elementor-toggle-icon-opened\"><i class=\"elementor-toggle-icon-opened fas fa-caret-up\"><\/i><\/span>\n\t\t\t\t\t\t\t\t\t\t\t\t\t<\/span>\n\t\t\t\t\t\t\t\t\t\t\t\t<a class=\"elementor-toggle-title\" tabindex=\"0\">QUINES AVANTATGES ENERG\u00c8TIQUES TENEN LES CASES MODULARS DE CORTABITARTE RESPECTE A LES CONSTRUCCIONS CONVENCIONALS?<\/a>\n\t\t\t\t\t<\/div>\n\n\t\t\t\t\t<div id=\"elementor-tab-content-9068\" class=\"elementor-tab-content elementor-clearfix\" data-tab=\"8\" role=\"region\" aria-labelledby=\"elementor-tab-title-9068\"><p>Gr\u00e0cies al nostre sistema constructiu basat en est\u00e0ndards de construcci\u00f3 per a vivenda bioclim\u00e0tica, les vivendes modulars de Cortabitarte aconsegueixen un estalvi energ\u00e8tic superior al 55%. Per aix\u00f2 obtenen una classificaci\u00f3 energ\u00e8tica tipus A.<\/p>\n<p>Les nostres vivendes modulars s\u00f3n eficients i estan dissenyades amb metodologies de construcci\u00f3 i a\u00efllament que eviten al m\u00e0xim la p\u00e8rdua d\u2019energia requerint una aportaci\u00f3 m\u00ednima. Invertim en sistemes d\u2019a\u00efllament, per a que estalvi\u00efs despesa energ\u00e8tica durant tota la vida \u00fatil del teu habitatge.<\/p>\n<\/div>\n\t\t\t\t<\/div>\n\t\t\t\t\t\t\t<div class=\"elementor-toggle-item\">\n\t\t\t\t\t<div id=\"elementor-tab-title-9069\" class=\"elementor-tab-title\" data-tab=\"9\" role=\"button\" aria-controls=\"elementor-tab-content-9069\" aria-expanded=\"false\">\n\t\t\t\t\t\t\t\t\t\t\t\t<span class=\"elementor-toggle-icon elementor-toggle-icon-right\" aria-hidden=\"true\">\n\t\t\t\t\t\t\t\t\t\t\t\t\t\t\t<span class=\"elementor-toggle-icon-closed\"><i class=\"fas fa-caret-right\"><\/i><\/span>\n\t\t\t\t\t\t\t\t<span class=\"elementor-toggle-icon-opened\"><i class=\"elementor-toggle-icon-opened fas fa-caret-up\"><\/i><\/span>\n\t\t\t\t\t\t\t\t\t\t\t\t\t<\/span>\n\t\t\t\t\t\t\t\t\t\t\t\t<a class=\"elementor-toggle-title\" tabindex=\"0\">QUIN SISTEMA DE CALEFACCI\u00d3 PUC EMPRAR?<\/a>\n\t\t\t\t\t<\/div>\n\n\t\t\t\t\t<div id=\"elementor-tab-content-9069\" class=\"elementor-tab-content elementor-clearfix\" data-tab=\"9\" role=\"region\" aria-labelledby=\"elementor-tab-title-9069\"><p>Les vivendes modulars de Cortabitarte s\u00f3n sempre responsables amb el medi ambient i per aix\u00f2 funcionen a trav\u00e9s d\u2019energies renovables.  Tot i aix\u00f2, tu sempre podr\u00e0s escollir la instal\u00b7laci\u00f3 de calefacci\u00f3 que m\u00e9s s\u2019adapti al teu pressupost. <\/p>\n<\/div>\n\t\t\t\t<\/div>\n\t\t\t\t\t\t\t<div class=\"elementor-toggle-item\">\n\t\t\t\t\t<div id=\"elementor-tab-title-90610\" class=\"elementor-tab-title\" data-tab=\"10\" role=\"button\" aria-controls=\"elementor-tab-content-90610\" aria-expanded=\"false\">\n\t\t\t\t\t\t\t\t\t\t\t\t<span class=\"elementor-toggle-icon elementor-toggle-icon-right\" aria-hidden=\"true\">\n\t\t\t\t\t\t\t\t\t\t\t\t\t\t\t<span class=\"elementor-toggle-icon-closed\"><i class=\"fas fa-caret-right\"><\/i><\/span>\n\t\t\t\t\t\t\t\t<span class=\"elementor-toggle-icon-opened\"><i class=\"elementor-toggle-icon-opened fas fa-caret-up\"><\/i><\/span>\n\t\t\t\t\t\t\t\t\t\t\t\t\t<\/span>\n\t\t\t\t\t\t\t\t\t\t\t\t<a class=\"elementor-toggle-title\" tabindex=\"0\">COM PUC VEURE ELS MATERIALS I ACABATS DE LA MEVA CASA MODULAR?<\/a>\n\t\t\t\t\t<\/div>\n\n\t\t\t\t\t<div id=\"elementor-tab-content-90610\" class=\"elementor-tab-content elementor-clearfix\" data-tab=\"10\" role=\"region\" aria-labelledby=\"elementor-tab-title-90610\"><p>Al fer-te un compte Cortabitarte a la nostra web tindr\u00e0s acc\u00e9s als cat\u00e0legs d\u2019acabats i materials disponibles per a la fabricaci\u00f3 de la teva casa i aix\u00ed escollir el que m\u00e9s t\u2019agradi. Tamb\u00e9 podem concertar una cita per a que puguis apropar-te a la nostra f\u00e0brica i que tu mateix vegis i toquis els materials que emprarem.<\/p>\n<\/div>\n\t\t\t\t<\/div>\n\t\t\t\t\t\t\t\t<\/div>\n\t\t\t\t\t\t<\/div>\n\t\t\t\t<\/div>\n\t\t\t\t\t<\/div>\n\t\t<\/div>\n\t\t\t\t\t<\/div>\n\t\t<\/section>\n\t\t\t\t<\/div>\n\t\t","protected":false},"excerpt":{"rendered":"<p>FAQ Preguntes freq\u00fcents REALMENT \u00c9S UN PREU TANCAT? S\u00ed. Al llarg de la nostra experi\u00e8ncia hem dissenyat, fabricat, constru\u00eft i implementat una gran varietat de models de vivenda modular i m\u00f2duls prefabricats, fet que ens ha portat a estudiar cada detall minuciosament a cada fase del disseny i producci\u00f3 de la vivenda. Des del projecte [&hellip;]<\/p>\n","protected":false},"author":1,"featured_media":0,"parent":0,"menu_order":0,"comment_status":"closed","ping_status":"closed","template":"elementor_header_footer","meta":{"footnotes":""},"class_list":["post-2688","page","type-page","status-publish","hentry"],"_links":{"self":[{"href":"https:\/\/cortabitarte.com\/ca\/wp-json\/wp\/v2\/pages\/2688","targetHints":{"allow":["GET"]}}],"collection":[{"href":"https:\/\/cortabitarte.com\/ca\/wp-json\/wp\/v2\/pages"}],"about":[{"href":"https:\/\/cortabitarte.com\/ca\/wp-json\/wp\/v2\/types\/page"}],"author":[{"embeddable":true,"href":"https:\/\/cortabitarte.com\/ca\/wp-json\/wp\/v2\/users\/1"}],"replies":[{"embeddable":true,"href":"https:\/\/cortabitarte.com\/ca\/wp-json\/wp\/v2\/comments?post=2688"}],"version-history":[{"count":1,"href":"https:\/\/cortabitarte.com\/ca\/wp-json\/wp\/v2\/pages\/2688\/revisions"}],"predecessor-version":[{"id":2693,"href":"https:\/\/cortabitarte.com\/ca\/wp-json\/wp\/v2\/pages\/2688\/revisions\/2693"}],"wp:attachment":[{"href":"https:\/\/cortabitarte.com\/ca\/wp-json\/wp\/v2\/media?parent=2688"}],"curies":[{"name":"wp","href":"https:\/\/api.w.org\/{rel}","templated":true}]}}