{"id":2677,"date":"2021-01-26T06:29:16","date_gmt":"2021-01-26T06:29:16","guid":{"rendered":"https:\/\/cortabitarte.com\/clau-en-ma\/"},"modified":"2021-01-26T06:29:17","modified_gmt":"2021-01-26T06:29:17","slug":"clau-en-ma","status":"publish","type":"page","link":"https:\/\/cortabitarte.com\/ca\/clau-en-ma\/","title":{"rendered":"Clau en m\u00e0."},"content":{"rendered":"\t\t<div data-elementor-type=\"wp-page\" data-elementor-id=\"2677\" class=\"elementor elementor-2677 elementor-967\" data-elementor-post-type=\"page\">\n\t\t\t\t\t\t<section class=\"elementor-section elementor-top-section elementor-element elementor-element-c19c5a2 elementor-section-height-min-height elementor-section-boxed elementor-section-height-default elementor-section-items-middle\" data-id=\"c19c5a2\" data-element_type=\"section\">\n\t\t\t\t\t\t<div class=\"elementor-container elementor-column-gap-default\">\n\t\t\t\t\t<div class=\"elementor-column elementor-col-100 elementor-top-column elementor-element elementor-element-f809f9c\" data-id=\"f809f9c\" data-element_type=\"column\">\n\t\t\t<div class=\"elementor-widget-wrap\">\n\t\t\t\t\t\t\t<\/div>\n\t\t<\/div>\n\t\t\t\t\t<\/div>\n\t\t<\/section>\n\t\t\t\t<section class=\"elementor-section elementor-top-section elementor-element elementor-element-9f2666e elementor-section-boxed elementor-section-height-default elementor-section-height-default\" data-id=\"9f2666e\" data-element_type=\"section\" data-settings=\"{&quot;background_background&quot;:&quot;classic&quot;}\">\n\t\t\t\t\t\t<div class=\"elementor-container elementor-column-gap-default\">\n\t\t\t\t\t<div class=\"elementor-column elementor-col-100 elementor-top-column elementor-element elementor-element-9924d47\" data-id=\"9924d47\" data-element_type=\"column\">\n\t\t\t<div class=\"elementor-widget-wrap elementor-element-populated\">\n\t\t\t\t\t\t<section class=\"elementor-section elementor-inner-section elementor-element elementor-element-77fb540 elementor-section-full_width elementor-section-height-default elementor-section-height-default\" data-id=\"77fb540\" data-element_type=\"section\">\n\t\t\t\t\t\t<div class=\"elementor-container elementor-column-gap-default\">\n\t\t\t\t\t<div class=\"elementor-column elementor-col-50 elementor-inner-column elementor-element elementor-element-a27fcb3\" data-id=\"a27fcb3\" data-element_type=\"column\">\n\t\t\t<div class=\"elementor-widget-wrap elementor-element-populated\">\n\t\t\t\t\t\t<div class=\"elementor-element elementor-element-697d5e9 elementor-widget elementor-widget-image\" data-id=\"697d5e9\" data-element_type=\"widget\" data-widget_type=\"image.default\">\n\t\t\t\t<div class=\"elementor-widget-container\">\n\t\t\t\t\t\t\t\t\t\t\t\t\t\t\t<img fetchpriority=\"high\" decoding=\"async\" width=\"800\" height=\"656\" src=\"https:\/\/cortabitarte.com\/wp-content\/uploads\/2020\/07\/cortabitarte-llave-en-mano.jpg\" class=\"attachment-full size-full wp-image-2678\" alt=\"Cortabitarte Clau en m\u00e0.\" srcset=\"https:\/\/cortabitarte.com\/wp-content\/uploads\/2020\/07\/cortabitarte-llave-en-mano.jpg 800w, https:\/\/cortabitarte.com\/wp-content\/uploads\/2020\/07\/cortabitarte-llave-en-mano-300x246.jpg 300w, https:\/\/cortabitarte.com\/wp-content\/uploads\/2020\/07\/cortabitarte-llave-en-mano-768x630.jpg 768w\" sizes=\"(max-width: 800px) 100vw, 800px\" \/>\t\t\t\t\t\t\t\t\t\t\t\t\t\t\t<\/div>\n\t\t\t\t<\/div>\n\t\t\t\t\t<\/div>\n\t\t<\/div>\n\t\t\t\t<div class=\"elementor-column elementor-col-50 elementor-inner-column elementor-element elementor-element-b63d295\" data-id=\"b63d295\" data-element_type=\"column\" data-settings=\"{&quot;background_background&quot;:&quot;classic&quot;}\">\n\t\t\t<div class=\"elementor-widget-wrap elementor-element-populated\">\n\t\t\t\t\t\t<div class=\"elementor-element elementor-element-6b88f07 elementor-widget elementor-widget-heading\" data-id=\"6b88f07\" data-element_type=\"widget\" data-widget_type=\"heading.default\">\n\t\t\t\t<div class=\"elementor-widget-container\">\n\t\t\t\t\t<h2 class=\"elementor-heading-title elementor-size-default\">Clau <br><span style=\"font-size: 68px;font-weight: normal\">en m\u00e0 <\/span><\/h2>\t\t\t\t<\/div>\n\t\t\t\t<\/div>\n\t\t\t\t<div class=\"elementor-element elementor-element-e025bf0 elementor-widget elementor-widget-text-editor\" data-id=\"e025bf0\" data-element_type=\"widget\" data-widget_type=\"text-editor.default\">\n\t\t\t\t<div class=\"elementor-widget-container\">\n\t\t\t\t\t\t\t\t\t<p>Existeixen diverses modalitats de contractaci\u00f3 per a dur a terme projectes de construcci\u00f3, no obstant, una de les que major avantatge ofereix al client no expert \u00e9s la construcci\u00f3 de vivenda <strong>clau en m\u00e0. <\/strong><\/p>\n<p>Aquesta modalitat de contractaci\u00f3 implica una avantatge b\u00e0sica: Cortabitarte ser\u00e0 el teu \u00fanic prove\u00efdor, i per tant assumim completament la responsabilitat d\u2019execuci\u00f3 de totes les tasques associades a la construcci\u00f3 del teu habitatge. Aix\u00f2 significa que treballem amb un pressupost tancat. A difer\u00e8ncia del tipus de construcci\u00f3 convencional, \u00e9s a dir, el de ma\u00f3, a Cortabitarte acordem amb tu un programa de necessitats definides al detall. A partir d\u2019aqu\u00ed, et presentem una proposta de disseny i construcci\u00f3 amb un preu i un termini de lliurament fixe. <\/p>\n\t\t\t\t\t\t\t\t<\/div>\n\t\t\t\t<\/div>\n\t\t\t\t\t<\/div>\n\t\t<\/div>\n\t\t\t\t\t<\/div>\n\t\t<\/section>\n\t\t\t\t\t<\/div>\n\t\t<\/div>\n\t\t\t\t\t<\/div>\n\t\t<\/section>\n\t\t\t\t<\/div>\n\t\t","protected":false},"excerpt":{"rendered":"<p>Clau en m\u00e0 Existeixen diverses modalitats de contractaci\u00f3 per a dur a terme projectes de construcci\u00f3, no obstant, una de les que major avantatge ofereix al client no expert \u00e9s la construcci\u00f3 de vivenda clau en m\u00e0. Aquesta modalitat de contractaci\u00f3 implica una avantatge b\u00e0sica: Cortabitarte ser\u00e0 el teu \u00fanic prove\u00efdor, i per tant assumim [&hellip;]<\/p>\n","protected":false},"author":1,"featured_media":0,"parent":0,"menu_order":0,"comment_status":"closed","ping_status":"closed","template":"elementor_header_footer","meta":{"footnotes":""},"class_list":["post-2677","page","type-page","status-publish","hentry"],"_links":{"self":[{"href":"https:\/\/cortabitarte.com\/ca\/wp-json\/wp\/v2\/pages\/2677","targetHints":{"allow":["GET"]}}],"collection":[{"href":"https:\/\/cortabitarte.com\/ca\/wp-json\/wp\/v2\/pages"}],"about":[{"href":"https:\/\/cortabitarte.com\/ca\/wp-json\/wp\/v2\/types\/page"}],"author":[{"embeddable":true,"href":"https:\/\/cortabitarte.com\/ca\/wp-json\/wp\/v2\/users\/1"}],"replies":[{"embeddable":true,"href":"https:\/\/cortabitarte.com\/ca\/wp-json\/wp\/v2\/comments?post=2677"}],"version-history":[{"count":1,"href":"https:\/\/cortabitarte.com\/ca\/wp-json\/wp\/v2\/pages\/2677\/revisions"}],"predecessor-version":[{"id":2679,"href":"https:\/\/cortabitarte.com\/ca\/wp-json\/wp\/v2\/pages\/2677\/revisions\/2679"}],"wp:attachment":[{"href":"https:\/\/cortabitarte.com\/ca\/wp-json\/wp\/v2\/media?parent=2677"}],"curies":[{"name":"wp","href":"https:\/\/api.w.org\/{rel}","templated":true}]}}