{"id":2511,"date":"2021-01-26T05:44:41","date_gmt":"2021-01-26T05:44:41","guid":{"rendered":"https:\/\/cortabitarte.com\/arquitectura-modular\/"},"modified":"2023-03-02T14:49:08","modified_gmt":"2023-03-02T13:49:08","slug":"arquitectura-modular","status":"publish","type":"page","link":"https:\/\/cortabitarte.com\/ca\/","title":{"rendered":"Arquitectura Modular"},"content":{"rendered":"\t\t<div data-elementor-type=\"wp-page\" data-elementor-id=\"2511\" class=\"elementor elementor-2511 elementor-56\" data-elementor-post-type=\"page\">\n\t\t\t\t\t\t<section class=\"elementor-section elementor-top-section elementor-element elementor-element-ab2f886 elementor-section-full_width elementor-section-height-min-height elementor-section-items-stretch elementor-section-content-bottom animated-slow elementor-section-height-default\" data-id=\"ab2f886\" data-element_type=\"section\" data-settings=\"{&quot;background_background&quot;:&quot;classic&quot;,&quot;animation&quot;:&quot;none&quot;,&quot;animation_delay&quot;:0}\">\n\t\t\t\t\t\t\t<div class=\"elementor-background-overlay\"><\/div>\n\t\t\t\t\t\t\t<div class=\"elementor-container elementor-column-gap-default\">\n\t\t\t\t\t<div class=\"elementor-column elementor-col-100 elementor-top-column elementor-element elementor-element-d487012\" data-id=\"d487012\" data-element_type=\"column\">\n\t\t\t<div class=\"elementor-widget-wrap elementor-element-populated\">\n\t\t\t\t\t\t<div class=\"elementor-element elementor-element-913ce79 animated-slow elementor-invisible elementor-widget elementor-widget-heading\" data-id=\"913ce79\" data-element_type=\"widget\" data-settings=\"{&quot;_animation&quot;:&quot;fadeInUp&quot;,&quot;_animation_delay&quot;:100,&quot;_animation_mobile&quot;:&quot;fadeIn&quot;}\" data-widget_type=\"heading.default\">\n\t\t\t\t<div class=\"elementor-widget-container\">\n\t\t\t\t\t<h1 class=\"elementor-heading-title elementor-size-default\">Fabriquem <\/br>espais <\/br>modulars <\/br>personalitzats<\/h1>\t\t\t\t<\/div>\n\t\t\t\t<\/div>\n\t\t\t\t\t<\/div>\n\t\t<\/div>\n\t\t\t\t\t<\/div>\n\t\t<\/section>\n\t\t\t\t<section class=\"elementor-section elementor-top-section elementor-element elementor-element-346de6e8 elementor-section-content-middle elementor-section-height-min-height elementor-section-boxed elementor-section-height-default elementor-section-items-middle\" data-id=\"346de6e8\" data-element_type=\"section\">\n\t\t\t\t\t\t<div class=\"elementor-container elementor-column-gap-no\">\n\t\t\t\t\t<div class=\"elementor-column elementor-col-50 elementor-top-column elementor-element elementor-element-294729e6\" data-id=\"294729e6\" data-element_type=\"column\">\n\t\t\t<div class=\"elementor-widget-wrap elementor-element-populated\">\n\t\t\t\t\t\t<div class=\"elementor-element elementor-element-92943fd elementor-widget elementor-widget-heading\" data-id=\"92943fd\" data-element_type=\"widget\" data-widget_type=\"heading.default\">\n\t\t\t\t<div class=\"elementor-widget-container\">\n\t\t\t\t\t<h1 class=\"elementor-heading-title elementor-size-default\"><span style=\"font-weight: bold\">Cortabitarte<\/span> Arquitectura Modular<\/h1>\t\t\t\t<\/div>\n\t\t\t\t<\/div>\n\t\t\t\t<div class=\"elementor-element elementor-element-45962202 elementor-widget elementor-widget-text-editor\" data-id=\"45962202\" data-element_type=\"widget\" data-widget_type=\"text-editor.default\">\n\t\t\t\t<div class=\"elementor-widget-container\">\n\t\t\t\t\t\t\t\t\t<p>Dissenyem, fabriquem i constru\u00efm vivendes modulars i cases prefabricades a preu tancat i clau en m\u00e0.<\/p>\n<p>Integrem el projecte arquitect\u00f2nic i obra en vivendes i sectors d\u2019hostaleria i turisme.<\/p>\n<p>Oferim solucions de qualitat i confort a la teva vivenda.<\/p>\n<p>Trobar\u00e0s tranquil\u00b7litat, seguretat, llibertat i felicitat. <\/p>\n\t\t\t\t\t\t\t\t<\/div>\n\t\t\t\t<\/div>\n\t\t\t\t\t<\/div>\n\t\t<\/div>\n\t\t\t\t<div class=\"elementor-column elementor-col-50 elementor-top-column elementor-element elementor-element-87a8120\" data-id=\"87a8120\" data-element_type=\"column\">\n\t\t\t<div class=\"elementor-widget-wrap elementor-element-populated\">\n\t\t\t\t\t\t<div class=\"elementor-element elementor-element-bc88856 elementor-widget elementor-widget-image\" data-id=\"bc88856\" data-element_type=\"widget\" data-widget_type=\"image.default\">\n\t\t\t\t<div class=\"elementor-widget-container\">\n\t\t\t\t\t\t\t\t\t\t\t\t\t\t\t<img fetchpriority=\"high\" decoding=\"async\" width=\"720\" height=\"480\" src=\"https:\/\/cortabitarte.com\/wp-content\/uploads\/2020\/05\/Cortabitarte-Estilo-Industrial-5.jpg\" class=\"attachment-large size-large wp-image-2513\" alt=\"Cortabitarte Arquitectura Modular\" srcset=\"https:\/\/cortabitarte.com\/wp-content\/uploads\/2020\/05\/Cortabitarte-Estilo-Industrial-5.jpg 720w, https:\/\/cortabitarte.com\/wp-content\/uploads\/2020\/05\/Cortabitarte-Estilo-Industrial-5-300x200.jpg 300w\" sizes=\"(max-width: 720px) 100vw, 720px\" \/>\t\t\t\t\t\t\t\t\t\t\t\t\t\t\t<\/div>\n\t\t\t\t<\/div>\n\t\t\t\t\t<\/div>\n\t\t<\/div>\n\t\t\t\t\t<\/div>\n\t\t<\/section>\n\t\t\t\t<section class=\"elementor-section elementor-top-section elementor-element elementor-element-c203a3a elementor-section-height-min-height elementor-section-boxed elementor-section-height-default elementor-section-items-middle\" data-id=\"c203a3a\" data-element_type=\"section\" data-settings=\"{&quot;background_background&quot;:&quot;gradient&quot;}\">\n\t\t\t\t\t\t<div class=\"elementor-container elementor-column-gap-default\">\n\t\t\t\t\t<div class=\"elementor-column elementor-col-100 elementor-top-column elementor-element elementor-element-2573e10\" data-id=\"2573e10\" data-element_type=\"column\">\n\t\t\t<div class=\"elementor-widget-wrap elementor-element-populated\">\n\t\t\t\t\t\t<div class=\"elementor-element elementor-element-852ea68 elementor-invisible elementor-widget elementor-widget-heading\" data-id=\"852ea68\" data-element_type=\"widget\" data-settings=\"{&quot;_animation&quot;:&quot;fadeInUp&quot;}\" data-widget_type=\"heading.default\">\n\t\t\t\t<div class=\"elementor-widget-container\">\n\t\t\t\t\t<h2 class=\"elementor-heading-title elementor-size-default\">Estils d'habitatge Cortabitarte<\/h2>\t\t\t\t<\/div>\n\t\t\t\t<\/div>\n\t\t\t\t<div class=\"elementor-element elementor-element-72b3236 elementor-grid-6 elementor-grid-tablet-2 elementor-grid-mobile-1 elementor-invisible elementor-widget elementor-widget-portfolio\" data-id=\"72b3236\" data-element_type=\"widget\" data-settings=\"{&quot;columns&quot;:&quot;6&quot;,&quot;_animation&quot;:&quot;fadeIn&quot;,&quot;columns_tablet&quot;:&quot;2&quot;,&quot;columns_mobile&quot;:&quot;1&quot;,&quot;item_ratio&quot;:{&quot;unit&quot;:&quot;px&quot;,&quot;size&quot;:0.66000000000000003,&quot;sizes&quot;:[]},&quot;item_gap&quot;:{&quot;unit&quot;:&quot;px&quot;,&quot;size&quot;:&quot;&quot;,&quot;sizes&quot;:[]},&quot;row_gap&quot;:{&quot;unit&quot;:&quot;px&quot;,&quot;size&quot;:&quot;&quot;,&quot;sizes&quot;:[]}}\" data-widget_type=\"portfolio.default\">\n\t\t\t\t<div class=\"elementor-widget-container\">\n\t\t\t\t\t\t\t<div class=\"elementor-portfolio elementor-grid elementor-posts-container\" role=\"list\">\n\t\t\t\t<article class=\"elementor-portfolio-item elementor-post  post-2633 estilo-vivienda type-estilo-vivienda status-publish format-standard has-post-thumbnail hentry categoria-estil-contemporani\" role=\"listitem\">\n\t\t\t<a class=\"elementor-post__thumbnail__link\" href=\"https:\/\/cortabitarte.com\/ca\/estilo-vivienda\/contemporani\/\">\n\t\t\t\t<div class=\"elementor-portfolio-item__img elementor-post__thumbnail\">\n\t\t\t<img decoding=\"async\" width=\"300\" height=\"203\" src=\"https:\/\/cortabitarte.com\/wp-content\/uploads\/2020\/05\/Cortabitarte-Estilo-contemporaneo-2-300x203.jpg\" class=\"attachment-medium size-medium wp-image-2642\" alt=\"Cortabitarte Estil Contemporani\" srcset=\"https:\/\/cortabitarte.com\/wp-content\/uploads\/2020\/05\/Cortabitarte-Estilo-contemporaneo-2-300x203.jpg 300w, https:\/\/cortabitarte.com\/wp-content\/uploads\/2020\/05\/Cortabitarte-Estilo-contemporaneo-2-1024x692.jpg 1024w, https:\/\/cortabitarte.com\/wp-content\/uploads\/2020\/05\/Cortabitarte-Estilo-contemporaneo-2-768x519.jpg 768w, https:\/\/cortabitarte.com\/wp-content\/uploads\/2020\/05\/Cortabitarte-Estilo-contemporaneo-2-1536x1038.jpg 1536w, https:\/\/cortabitarte.com\/wp-content\/uploads\/2020\/05\/Cortabitarte-Estilo-contemporaneo-2.jpg 1920w\" sizes=\"(max-width: 300px) 100vw, 300px\" \/>\t\t<\/div>\n\t\t\t\t<div class=\"elementor-portfolio-item__overlay\">\n\t\t\t\t<h3 class=\"elementor-portfolio-item__title\">\n\t\tContemporani\t\t<\/h3>\n\t\t\t\t<\/div>\n\t\t\t\t<\/a>\n\t\t<\/article>\n\t\t\t\t<article class=\"elementor-portfolio-item elementor-post  post-2605 estilo-vivienda type-estilo-vivienda status-publish format-standard has-post-thumbnail hentry categoria-estil-mediterrani\" role=\"listitem\">\n\t\t\t<a class=\"elementor-post__thumbnail__link\" href=\"https:\/\/cortabitarte.com\/ca\/estilo-vivienda\/mediterrani\/\">\n\t\t\t\t<div class=\"elementor-portfolio-item__img elementor-post__thumbnail\">\n\t\t\t<img decoding=\"async\" width=\"300\" height=\"200\" src=\"https:\/\/cortabitarte.com\/wp-content\/uploads\/2020\/05\/Cortabitarte-5-LD-300x200.jpg\" class=\"attachment-medium size-medium wp-image-2618\" alt=\"\" srcset=\"https:\/\/cortabitarte.com\/wp-content\/uploads\/2020\/05\/Cortabitarte-5-LD-300x200.jpg 300w, https:\/\/cortabitarte.com\/wp-content\/uploads\/2020\/05\/Cortabitarte-5-LD-1024x683.jpg 1024w, https:\/\/cortabitarte.com\/wp-content\/uploads\/2020\/05\/Cortabitarte-5-LD-768x512.jpg 768w, https:\/\/cortabitarte.com\/wp-content\/uploads\/2020\/05\/Cortabitarte-5-LD-1536x1024.jpg 1536w, https:\/\/cortabitarte.com\/wp-content\/uploads\/2020\/05\/Cortabitarte-5-LD.jpg 1920w\" sizes=\"(max-width: 300px) 100vw, 300px\" \/>\t\t<\/div>\n\t\t\t\t<div class=\"elementor-portfolio-item__overlay\">\n\t\t\t\t<h3 class=\"elementor-portfolio-item__title\">\n\t\tMediterrani\t\t<\/h3>\n\t\t\t\t<\/div>\n\t\t\t\t<\/a>\n\t\t<\/article>\n\t\t\t\t<article class=\"elementor-portfolio-item elementor-post  post-2585 estilo-vivienda type-estilo-vivienda status-publish format-standard has-post-thumbnail hentry categoria-estil-rustic-tradicional\" role=\"listitem\">\n\t\t\t<a class=\"elementor-post__thumbnail__link\" href=\"https:\/\/cortabitarte.com\/ca\/estilo-vivienda\/rustic-tradicional\/\">\n\t\t\t\t<div class=\"elementor-portfolio-item__img elementor-post__thumbnail\">\n\t\t\t<img loading=\"lazy\" decoding=\"async\" width=\"300\" height=\"200\" src=\"https:\/\/cortabitarte.com\/wp-content\/uploads\/2020\/05\/Cortabitarte-vivienda-modular-Rustico-Tradicional-2-2-300x200.jpeg\" class=\"attachment-medium size-medium wp-image-2587\" alt=\"Estil R\u00fastic Tradicional Cortabitarte\" srcset=\"https:\/\/cortabitarte.com\/wp-content\/uploads\/2020\/05\/Cortabitarte-vivienda-modular-Rustico-Tradicional-2-2-300x200.jpeg 300w, https:\/\/cortabitarte.com\/wp-content\/uploads\/2020\/05\/Cortabitarte-vivienda-modular-Rustico-Tradicional-2-2-1024x684.jpeg 1024w, https:\/\/cortabitarte.com\/wp-content\/uploads\/2020\/05\/Cortabitarte-vivienda-modular-Rustico-Tradicional-2-2-768x513.jpeg 768w, https:\/\/cortabitarte.com\/wp-content\/uploads\/2020\/05\/Cortabitarte-vivienda-modular-Rustico-Tradicional-2-2.jpeg 1280w\" sizes=\"(max-width: 300px) 100vw, 300px\" \/>\t\t<\/div>\n\t\t\t\t<div class=\"elementor-portfolio-item__overlay\">\n\t\t\t\t<h3 class=\"elementor-portfolio-item__title\">\n\t\tR\u00fastic tradicional\t\t<\/h3>\n\t\t\t\t<\/div>\n\t\t\t\t<\/a>\n\t\t<\/article>\n\t\t\t\t<article class=\"elementor-portfolio-item elementor-post  post-2561 estilo-vivienda type-estilo-vivienda status-publish format-standard has-post-thumbnail hentry categoria-estil-industrial\" role=\"listitem\">\n\t\t\t<a class=\"elementor-post__thumbnail__link\" href=\"https:\/\/cortabitarte.com\/ca\/estilo-vivienda\/industrial\/\">\n\t\t\t\t<div class=\"elementor-portfolio-item__img elementor-post__thumbnail\">\n\t\t\t<img loading=\"lazy\" decoding=\"async\" width=\"300\" height=\"184\" src=\"https:\/\/cortabitarte.com\/wp-content\/uploads\/2020\/05\/Cortabitarte-Estilo-Industrial-1-300x184.jpg\" class=\"attachment-medium size-medium wp-image-2565\" alt=\"\" srcset=\"https:\/\/cortabitarte.com\/wp-content\/uploads\/2020\/05\/Cortabitarte-Estilo-Industrial-1-300x184.jpg 300w, https:\/\/cortabitarte.com\/wp-content\/uploads\/2020\/05\/Cortabitarte-Estilo-Industrial-1-1024x628.jpg 1024w, https:\/\/cortabitarte.com\/wp-content\/uploads\/2020\/05\/Cortabitarte-Estilo-Industrial-1-768x471.jpg 768w, https:\/\/cortabitarte.com\/wp-content\/uploads\/2020\/05\/Cortabitarte-Estilo-Industrial-1-1536x942.jpg 1536w, https:\/\/cortabitarte.com\/wp-content\/uploads\/2020\/05\/Cortabitarte-Estilo-Industrial-1.jpg 1920w\" sizes=\"(max-width: 300px) 100vw, 300px\" \/>\t\t<\/div>\n\t\t\t\t<div class=\"elementor-portfolio-item__overlay\">\n\t\t\t\t<h3 class=\"elementor-portfolio-item__title\">\n\t\tIndustrial\t\t<\/h3>\n\t\t\t\t<\/div>\n\t\t\t\t<\/a>\n\t\t<\/article>\n\t\t\t\t<article class=\"elementor-portfolio-item elementor-post  post-2547 estilo-vivienda type-estilo-vivienda status-publish format-standard has-post-thumbnail hentry categoria-estil-rustic-modern\" role=\"listitem\">\n\t\t\t<a class=\"elementor-post__thumbnail__link\" href=\"https:\/\/cortabitarte.com\/ca\/estilo-vivienda\/rustic-modern\/\">\n\t\t\t\t<div class=\"elementor-portfolio-item__img elementor-post__thumbnail\">\n\t\t\t<img loading=\"lazy\" decoding=\"async\" width=\"300\" height=\"176\" src=\"https:\/\/cortabitarte.com\/wp-content\/uploads\/2020\/05\/Cortabitarte-Estilo-Rustico-Moderno-2-300x176.jpg\" class=\"attachment-medium size-medium wp-image-2549\" alt=\"Cortabitarte r\u00fastic modern\" srcset=\"https:\/\/cortabitarte.com\/wp-content\/uploads\/2020\/05\/Cortabitarte-Estilo-Rustico-Moderno-2-300x176.jpg 300w, https:\/\/cortabitarte.com\/wp-content\/uploads\/2020\/05\/Cortabitarte-Estilo-Rustico-Moderno-2-1024x602.jpg 1024w, https:\/\/cortabitarte.com\/wp-content\/uploads\/2020\/05\/Cortabitarte-Estilo-Rustico-Moderno-2-768x452.jpg 768w, https:\/\/cortabitarte.com\/wp-content\/uploads\/2020\/05\/Cortabitarte-Estilo-Rustico-Moderno-2-1536x903.jpg 1536w, https:\/\/cortabitarte.com\/wp-content\/uploads\/2020\/05\/Cortabitarte-Estilo-Rustico-Moderno-2.jpg 1920w\" sizes=\"(max-width: 300px) 100vw, 300px\" \/>\t\t<\/div>\n\t\t\t\t<div class=\"elementor-portfolio-item__overlay\">\n\t\t\t\t<h3 class=\"elementor-portfolio-item__title\">\n\t\tR\u00fastic Modern\t\t<\/h3>\n\t\t\t\t<\/div>\n\t\t\t\t<\/a>\n\t\t<\/article>\n\t\t\t\t<article class=\"elementor-portfolio-item elementor-post  post-2519 estilo-vivienda type-estilo-vivienda status-publish format-standard has-post-thumbnail hentry categoria-luxury-style-ca\" role=\"listitem\">\n\t\t\t<a class=\"elementor-post__thumbnail__link\" href=\"https:\/\/cortabitarte.com\/ca\/estilo-vivienda\/luxury\/\">\n\t\t\t\t<div class=\"elementor-portfolio-item__img elementor-post__thumbnail\">\n\t\t\t<img loading=\"lazy\" decoding=\"async\" width=\"300\" height=\"200\" src=\"https:\/\/cortabitarte.com\/wp-content\/uploads\/2020\/05\/Cortabitarte-1-LD-300x200.jpg\" class=\"attachment-medium size-medium wp-image-2520\" alt=\"Habitatge Modular\" srcset=\"https:\/\/cortabitarte.com\/wp-content\/uploads\/2020\/05\/Cortabitarte-1-LD-300x200.jpg 300w, https:\/\/cortabitarte.com\/wp-content\/uploads\/2020\/05\/Cortabitarte-1-LD-1024x683.jpg 1024w, https:\/\/cortabitarte.com\/wp-content\/uploads\/2020\/05\/Cortabitarte-1-LD-768x512.jpg 768w, https:\/\/cortabitarte.com\/wp-content\/uploads\/2020\/05\/Cortabitarte-1-LD-1536x1024.jpg 1536w, https:\/\/cortabitarte.com\/wp-content\/uploads\/2020\/05\/Cortabitarte-1-LD.jpg 1920w\" sizes=\"(max-width: 300px) 100vw, 300px\" \/>\t\t<\/div>\n\t\t\t\t<div class=\"elementor-portfolio-item__overlay\">\n\t\t\t\t<h3 class=\"elementor-portfolio-item__title\">\n\t\tLuxury\t\t<\/h3>\n\t\t\t\t<\/div>\n\t\t\t\t<\/a>\n\t\t<\/article>\n\t\t\t\t<\/div>\n\t\t\t\t\t\t<\/div>\n\t\t\t\t<\/div>\n\t\t\t\t\t<\/div>\n\t\t<\/div>\n\t\t\t\t\t<\/div>\n\t\t<\/section>\n\t\t\t\t<section class=\"elementor-section elementor-top-section elementor-element elementor-element-eda13c2 elementor-section-boxed elementor-section-height-default elementor-section-height-default\" data-id=\"eda13c2\" data-element_type=\"section\">\n\t\t\t\t\t\t<div class=\"elementor-container elementor-column-gap-default\">\n\t\t\t\t\t<div class=\"elementor-column elementor-col-100 elementor-top-column elementor-element elementor-element-e0cc7b6\" data-id=\"e0cc7b6\" data-element_type=\"column\">\n\t\t\t<div class=\"elementor-widget-wrap elementor-element-populated\">\n\t\t\t\t\t\t<div class=\"elementor-element elementor-element-ff7f025 elementor-invisible elementor-widget elementor-widget-heading\" data-id=\"ff7f025\" data-element_type=\"widget\" data-settings=\"{&quot;_animation&quot;:&quot;fadeInUp&quot;}\" data-widget_type=\"heading.default\">\n\t\t\t\t<div class=\"elementor-widget-container\">\n\t\t\t\t\t<h2 class=\"elementor-heading-title elementor-size-default\">\u00daltimes entrades del nostre blog<\/h2>\t\t\t\t<\/div>\n\t\t\t\t<\/div>\n\t\t\t\t<section class=\"elementor-section elementor-inner-section elementor-element elementor-element-525f7e6 elementor-section-boxed elementor-section-height-default elementor-section-height-default\" data-id=\"525f7e6\" data-element_type=\"section\">\n\t\t\t\t\t\t<div class=\"elementor-container elementor-column-gap-default\">\n\t\t\t\t\t<div class=\"elementor-column elementor-col-50 elementor-inner-column elementor-element elementor-element-1b67f70\" data-id=\"1b67f70\" data-element_type=\"column\">\n\t\t\t<div class=\"elementor-widget-wrap elementor-element-populated\">\n\t\t\t\t\t\t\t<\/div>\n\t\t<\/div>\n\t\t\t\t<div class=\"elementor-column elementor-col-50 elementor-inner-column elementor-element elementor-element-5bd78ea\" data-id=\"5bd78ea\" data-element_type=\"column\">\n\t\t\t<div class=\"elementor-widget-wrap elementor-element-populated\">\n\t\t\t\t\t\t\t<\/div>\n\t\t<\/div>\n\t\t\t\t\t<\/div>\n\t\t<\/section>\n\t\t\t\t\t<\/div>\n\t\t<\/div>\n\t\t\t\t\t<\/div>\n\t\t<\/section>\n\t\t\t\t<\/div>\n\t\t","protected":false},"excerpt":{"rendered":"<p>Fabriquem espais modulars personalitzats Cortabitarte Arquitectura Modular Dissenyem, fabriquem i constru\u00efm vivendes modulars i cases prefabricades a preu tancat i clau en m\u00e0. Integrem el projecte arquitect\u00f2nic i obra en vivendes i sectors d\u2019hostaleria i turisme. Oferim solucions de qualitat i confort a la teva vivenda. Trobar\u00e0s tranquil\u00b7litat, seguretat, llibertat i felicitat. Estils d&#8217;habitatge Cortabitarte [&hellip;]<\/p>\n","protected":false},"author":1,"featured_media":0,"parent":0,"menu_order":0,"comment_status":"closed","ping_status":"closed","template":"elementor_header_footer","meta":{"footnotes":""},"class_list":["post-2511","page","type-page","status-publish","hentry"],"_links":{"self":[{"href":"https:\/\/cortabitarte.com\/ca\/wp-json\/wp\/v2\/pages\/2511","targetHints":{"allow":["GET"]}}],"collection":[{"href":"https:\/\/cortabitarte.com\/ca\/wp-json\/wp\/v2\/pages"}],"about":[{"href":"https:\/\/cortabitarte.com\/ca\/wp-json\/wp\/v2\/types\/page"}],"author":[{"embeddable":true,"href":"https:\/\/cortabitarte.com\/ca\/wp-json\/wp\/v2\/users\/1"}],"replies":[{"embeddable":true,"href":"https:\/\/cortabitarte.com\/ca\/wp-json\/wp\/v2\/comments?post=2511"}],"version-history":[{"count":4,"href":"https:\/\/cortabitarte.com\/ca\/wp-json\/wp\/v2\/pages\/2511\/revisions"}],"predecessor-version":[{"id":3323,"href":"https:\/\/cortabitarte.com\/ca\/wp-json\/wp\/v2\/pages\/2511\/revisions\/3323"}],"wp:attachment":[{"href":"https:\/\/cortabitarte.com\/ca\/wp-json\/wp\/v2\/media?parent=2511"}],"curies":[{"name":"wp","href":"https:\/\/api.w.org\/{rel}","templated":true}]}}